{"id":49,"date":"2018-03-27T17:10:22","date_gmt":"2018-03-27T17:10:22","guid":{"rendered":"http:\/\/www.irantiesclavitud.es\/?page_id=49"},"modified":"2024-02-29T16:39:15","modified_gmt":"2024-02-29T16:39:15","slug":"pslf-y-ronda-de-los-pueblos","status":"publish","type":"page","link":"http:\/\/www.irantiesclavitud.es\/index.php\/pslf-y-ronda-de-los-pueblos\/","title":{"rendered":"\u00bfQui\u00e9nes somos?"},"content":{"rendered":"<h3><span style=\"color: #ff0000;\"><b>Ronda de la Dignidad de los Pueblos- Calle Mayor, 60\u00a0<\/b><\/span><\/h3>\n<h3><span style=\"color: #ff0000;\"><b>El reparto del mundo del capitalismo naciente<\/b><\/span><\/h3>\n<p><span style=\"font-weight: 400;\">El impacto de la conquista espa\u00f1ola de Am\u00e9rica, de la francesa de \u00c1frica \u00a0, o de la inglesa de Asia estableci\u00f3 un sistema de relaciones econ\u00f3micas y pol\u00edticas \u00a0nuevas que dieron lugar al sistema del capitalismo en el reparto del mundo. La civilizaci\u00f3n capitalista europea \u00a0introduce en el resto del mundo nuevas contradicciones y antagonismos. <\/span><\/p>\n<p><span style=\"font-weight: 400;\"><img loading=\"lazy\" decoding=\"async\" class=\"alignleft size-medium wp-image-136\" src=\"http:\/\/www.irantiesclavitud.es\/wp-content\/uploads\/2018\/03\/esclavos1_2000x1179-300x177.jpg\" alt=\"\" width=\"300\" height=\"177\" srcset=\"http:\/\/www.irantiesclavitud.es\/wp-content\/uploads\/2018\/03\/esclavos1_2000x1179-300x177.jpg 300w, http:\/\/www.irantiesclavitud.es\/wp-content\/uploads\/2018\/03\/esclavos1_2000x1179-768x453.jpg 768w, http:\/\/www.irantiesclavitud.es\/wp-content\/uploads\/2018\/03\/esclavos1_2000x1179-1024x604.jpg 1024w, http:\/\/www.irantiesclavitud.es\/wp-content\/uploads\/2018\/03\/esclavos1_2000x1179.jpg 2000w\" sizes=\"auto, (max-width: 300px) 100vw, 300px\" \/>El colonialismo y la explotaci\u00f3n de los nuevos dominios se establece sobre el negocio negrero, que constituye la base de enriquecimiento de la burgues\u00eda europea y americana durante varios siglos , como proveedor de la mano de obra \u00a0que constitu\u00eda la principal inversi\u00f3n y negocio especulativo de la \u00e9poca. Muchos millones de seres humanos fueron raptados de sus tierras para ser explotados en condiciones de esclavitud en los ingenios, las minas, las estancias y grandes obras, como parte del comercio internacional( de mercanc\u00edas) del que formaban parte por la fuerza. Las ganancias econ\u00f3micas de los negreros fueron tremendas, comparadas con cualquier otro negocio o inversi\u00f3n de la \u00e9poca. Llegando a rentabilidades \u00a0de un mil por ciento entre la compra y la venta de los seres humanos esclavizados .Las principales casas reales europeas participaron del tr\u00e1fico negrero acumulando por ello inmensas riquezas. En Am\u00e9rica se extendi\u00f3 la corriente colonizadora del Pac\u00edfico con el trabajo esclavo del indio, mientras que en las islas del Atl\u00e1ntico domin\u00f3 el tr\u00e1fico negrero como fuerza de trabajo esclavo importado. La esclavitud constituy\u00f3 la base del sistema de producci\u00f3n en gran escala estableciendo por primera vez un mercado mundial de mano de obra forzada durante casi 400 a\u00f1os.<\/span>[\/vc_column_text][\/vc_column][\/vc_row][vc_row][vc_column css=\u00bb.vc_custom_1522257003963{margin-top: 5% !important;}\u00bb][\/vc_column][\/vc_row][vc_row][vc_column][vc_column_text]<\/p>\n<h3><strong><span style=\"color: #ff0000;\">La abolici\u00f3n de la esclavitud y la independencia nacional de los pueblos<\/span><\/strong><\/h3>\n<p><span style=\"font-weight: 400;\">La participaci\u00f3n de los esclavos negros en la guerra civil de los EEUU por su libertad y la revoluci\u00f3n Haitiana que proclama la primera republica negra de la historia constituyen hitos hist\u00f3ricos de la lucha internacional por la abolici\u00f3n de la esclavitud de los pueblos y del pueblo negro afro descendiente en particular. La inmensa mayor\u00eda de las revoluciones nacionales por la independencia levantaron la bandera de la abolici\u00f3n de la esclavitud.<\/span><\/p>\n<p><span style=\"font-weight: 400;\"><img loading=\"lazy\" decoding=\"async\" class=\"size-medium wp-image-137 alignright\" src=\"http:\/\/www.irantiesclavitud.es\/wp-content\/uploads\/2018\/03\/Abolicion-300x223.jpg\" alt=\"\" width=\"300\" height=\"223\" srcset=\"http:\/\/www.irantiesclavitud.es\/wp-content\/uploads\/2018\/03\/Abolicion-300x223.jpg 300w, http:\/\/www.irantiesclavitud.es\/wp-content\/uploads\/2018\/03\/Abolicion-768x571.jpg 768w, http:\/\/www.irantiesclavitud.es\/wp-content\/uploads\/2018\/03\/Abolicion-1024x761.jpg 1024w, http:\/\/www.irantiesclavitud.es\/wp-content\/uploads\/2018\/03\/Abolicion.jpg 1068w\" sizes=\"auto, (max-width: 300px) 100vw, 300px\" \/>El movimiento esclavista decay\u00f3 por motivos fundamentalmente econ\u00f3micos con el advenimiento de la industria que demandaba gran cantidad de mano de obra que hasta entonces se empleaba en el campo y en los negocios extractivos , y con la misma explotaci\u00f3n de la mano de obra africana en la misma \u00c1frica :abandonando la trata para explotar las riquezas del interior de \u00c1frica ,maniobra \u00a0impulsada por el capital colonialista del continente .La resistencia antiesclavista en la lucha por la libertad fue generaliz\u00e1ndose con figuras como T\u00fapac Amaru el jefe de la gran sublevaci\u00f3n americana, o el famoso, jefe Zumbi de la guerra civil de lo Palmares en Brasil .Gran Breta\u00f1a uno de las principales potencias esclavistas fue quien puso en cuesti\u00f3n el negocio negrero, empujando a las dem\u00e1s potencias a la abolici\u00f3n de la esclavitud para aminorar la competencia comercial.<\/span>[\/vc_column_text][\/vc_column][\/vc_row][vc_row][vc_column css=\u00bb.vc_custom_1522256939337{margin-top: 5% !important;}\u00bb][\/vc_column][\/vc_row][vc_row][vc_column][vc_column_text]<\/p>\n<h3><span style=\"color: #ff0000;\"><b>La esclavitud de nuestros d\u00edas<\/b><\/span><\/h3>\n<p><span style=\"font-weight: 400;\">Del esclavo al asalariado, de la esclavitud directa a la indirecta, y sus m\u00faltiples combinaciones que conducen al cambio hist\u00f3rico de ser esclavos de \u00a0otros a ser esclavos de sus propias necesidades.<\/span><\/p>\n<p><span style=\"font-weight: 400;\"> Son muchos los millones de seres humanos est\u00e1n sometidos internacionalmente a diferentes formas de esclavitud ,con diferentes variantes que combina las formas cl\u00e1sicas con las modernas. La gran recesi\u00f3n econ\u00f3mica internacional ha contribuido a liquidar conquistas sociales y derechos que parec\u00edan consolidados introduciendo nuevas modalidades de \u00a0desigualdad y precariedad, recrudeci\u00e9ndose, de otra parte, la presi\u00f3n recolonizadora de los imperios sobre los pueblos del mundo para imponerles sus planes e intereses.<\/span><\/p>\n<p><span style=\"font-weight: 400;\">Esa tradici\u00f3n hist\u00f3rica de la lucha pol\u00edtica y social contra la esclavitud, contra toda forma de esclavitud, es la que nos empuja en nuestros d\u00edas a volver a impulsar el movimiento internacional por la abolici\u00f3n definitiva de esa lacra para la humanidad. \u00a0<\/span><\/p>\n<p>Por eso a la pregunta de quienes somos los abolicionistas de la esclavitud en el siglo XXI,no tenemos por menos que contestar que somos los continuadores de todas las luchas , movimientos , y acciones que en la historia \u00a0han luchado, y luchan por la igualdad entre los seres humanos, liberados de la explotaci\u00f3n y la opresi\u00f3n.<\/p>\n<p>Ildefonso G\u00f3mez[<\/p>\n","protected":false},"excerpt":{"rendered":"<p>Ronda de la Dignidad de los Pueblos- Calle Mayor, 60\u00a0 El reparto del mundo del capitalismo naciente El impacto de la conquista espa\u00f1ola de Am\u00e9rica, de la francesa de \u00c1frica [&hellip;]<\/p>\n","protected":false},"author":1,"featured_media":0,"parent":0,"menu_order":0,"comment_status":"closed","ping_status":"closed","template":"","meta":{"_monsterinsights_skip_tracking":false,"_monsterinsights_sitenote_active":false,"_monsterinsights_sitenote_note":"","_monsterinsights_sitenote_category":0,"site-sidebar-layout":"right-sidebar","site-content-layout":"plain-container","ast-site-content-layout":"default","site-content-style":"default","site-sidebar-style":"default","ast-global-header-display":"","ast-banner-title-visibility":"","ast-main-header-display":"","ast-hfb-above-header-display":"","ast-hfb-below-header-display":"","ast-hfb-mobile-header-display":"","site-post-title":"disabled","ast-breadcrumbs-content":"","ast-featured-img":"disabled","footer-sml-layout":"","theme-transparent-header-meta":"","adv-header-id-meta":"","stick-header-meta":"","header-above-stick-meta":"","header-main-stick-meta":"","header-below-stick-meta":"","astra-migrate-meta-layouts":"default","ast-page-background-enabled":"default","ast-page-background-meta":{"desktop":{"background-color":"var(--ast-global-color-4)","background-image":"","background-repeat":"repeat","background-position":"center center","background-size":"auto","background-attachment":"scroll","background-type":"","background-media":"","overlay-type":"","overlay-color":"","overlay-opacity":"","overlay-gradient":""},"tablet":{"background-color":"","background-image":"","background-repeat":"repeat","background-position":"center center","background-size":"auto","background-attachment":"scroll","background-type":"","background-media":"","overlay-type":"","overlay-color":"","overlay-opacity":"","overlay-gradient":""},"mobile":{"background-color":"","background-image":"","background-repeat":"repeat","background-position":"center center","background-size":"auto","background-attachment":"scroll","background-type":"","background-media":"","overlay-type":"","overlay-color":"","overlay-opacity":"","overlay-gradient":""}},"ast-content-background-meta":{"desktop":{"background-color":"var(--ast-global-color-5)","background-image":"","background-repeat":"repeat","background-position":"center center","background-size":"auto","background-attachment":"scroll","background-type":"","background-media":"","overlay-type":"","overlay-color":"","overlay-opacity":"","overlay-gradient":""},"tablet":{"background-color":"var(--ast-global-color-5)","background-image":"","background-repeat":"repeat","background-position":"center center","background-size":"auto","background-attachment":"scroll","background-type":"","background-media":"","overlay-type":"","overlay-color":"","overlay-opacity":"","overlay-gradient":""},"mobile":{"background-color":"var(--ast-global-color-5)","background-image":"","background-repeat":"repeat","background-position":"center center","background-size":"auto","background-attachment":"scroll","background-type":"","background-media":"","overlay-type":"","overlay-color":"","overlay-opacity":"","overlay-gradient":""}},"footnotes":""},"class_list":["post-49","page","type-page","status-publish","hentry"],"_links":{"self":[{"href":"http:\/\/www.irantiesclavitud.es\/index.php\/wp-json\/wp\/v2\/pages\/49","targetHints":{"allow":["GET"]}}],"collection":[{"href":"http:\/\/www.irantiesclavitud.es\/index.php\/wp-json\/wp\/v2\/pages"}],"about":[{"href":"http:\/\/www.irantiesclavitud.es\/index.php\/wp-json\/wp\/v2\/types\/page"}],"author":[{"embeddable":true,"href":"http:\/\/www.irantiesclavitud.es\/index.php\/wp-json\/wp\/v2\/users\/1"}],"replies":[{"embeddable":true,"href":"http:\/\/www.irantiesclavitud.es\/index.php\/wp-json\/wp\/v2\/comments?post=49"}],"version-history":[{"count":31,"href":"http:\/\/www.irantiesclavitud.es\/index.php\/wp-json\/wp\/v2\/pages\/49\/revisions"}],"predecessor-version":[{"id":458,"href":"http:\/\/www.irantiesclavitud.es\/index.php\/wp-json\/wp\/v2\/pages\/49\/revisions\/458"}],"wp:attachment":[{"href":"http:\/\/www.irantiesclavitud.es\/index.php\/wp-json\/wp\/v2\/media?parent=49"}],"curies":[{"name":"wp","href":"https:\/\/api.w.org\/{rel}","templated":true}]}}