{"id":459,"date":"2024-02-29T16:16:48","date_gmt":"2024-02-29T16:16:48","guid":{"rendered":"http:\/\/www.irantiesclavitud.es\/?page_id=459"},"modified":"2024-02-29T16:56:16","modified_gmt":"2024-02-29T16:56:16","slug":"partido-socialista-libre-federacion","status":"publish","type":"page","link":"http:\/\/www.irantiesclavitud.es\/index.php\/noticias-y-comunicados-del-pslf\/partido-socialista-libre-federacion\/","title":{"rendered":"Partido Socialista Libre Federaci\u00f3n"},"content":{"rendered":"\n<p>Partido fundado por socialistas que se opon\u00edan a la entrada de Espa\u00f1a en la OTAN. Partido Socialista federalista, republicano y obrero. El PSLF se reclama de la historia y tradici\u00f3n socialista avanzando hac\u00eda el feminismo y ecologismo socialista. Somos internacionalistas, apoyamos la Ronda Dignidad de los Pueblos. Somos socialistas republicanas y republicanos, feministas, un partido de clase y de la tradici\u00f3n socialista heredero del legado de Pablo Iglesias y Francisco Largo Caballero. Seguimos a Rosa Luxemburgo y apoyamos a Jeremy Corbyn en nuestro d\u00edas.  <\/p>\n\n\n\n<figure class=\"wp-block-image size-large\"><img loading=\"lazy\" decoding=\"async\" width=\"1024\" height=\"434\" src=\"http:\/\/www.irantiesclavitud.es\/wp-content\/uploads\/2024\/02\/271798963_232515322397360_1197340626587549753_n-1-1024x434.png\" alt=\"\" class=\"wp-image-460\" srcset=\"http:\/\/www.irantiesclavitud.es\/wp-content\/uploads\/2024\/02\/271798963_232515322397360_1197340626587549753_n-1-1024x434.png 1024w, http:\/\/www.irantiesclavitud.es\/wp-content\/uploads\/2024\/02\/271798963_232515322397360_1197340626587549753_n-1-300x127.png 300w, http:\/\/www.irantiesclavitud.es\/wp-content\/uploads\/2024\/02\/271798963_232515322397360_1197340626587549753_n-1-768x325.png 768w, http:\/\/www.irantiesclavitud.es\/wp-content\/uploads\/2024\/02\/271798963_232515322397360_1197340626587549753_n-1-1536x650.png 1536w, http:\/\/www.irantiesclavitud.es\/wp-content\/uploads\/2024\/02\/271798963_232515322397360_1197340626587549753_n-1.png 1724w\" sizes=\"auto, (max-width: 1024px) 100vw, 1024px\" \/><\/figure>\n","protected":false},"excerpt":{"rendered":"<p>Partido fundado por socialistas que se opon\u00edan a la entrada de Espa\u00f1a en la OTAN. Partido Socialista federalista, republicano y obrero. El PSLF se reclama de la historia y tradici\u00f3n [&hellip;]<\/p>\n","protected":false},"author":1,"featured_media":0,"parent":462,"menu_order":0,"comment_status":"closed","ping_status":"closed","template":"","meta":{"_monsterinsights_skip_tracking":false,"_monsterinsights_sitenote_active":false,"_monsterinsights_sitenote_note":"","_monsterinsights_sitenote_category":0,"site-sidebar-layout":"default","site-content-layout":"default","ast-site-content-layout":"default","site-content-style":"default","site-sidebar-style":"default","ast-global-header-display":"","ast-banner-title-visibility":"","ast-main-header-display":"","ast-hfb-above-header-display":"","ast-hfb-below-header-display":"","ast-hfb-mobile-header-display":"","site-post-title":"","ast-breadcrumbs-content":"","ast-featured-img":"","footer-sml-layout":"","theme-transparent-header-meta":"","adv-header-id-meta":"","stick-header-meta":"","header-above-stick-meta":"","header-main-stick-meta":"","header-below-stick-meta":"","astra-migrate-meta-layouts":"default","ast-page-background-enabled":"default","ast-page-background-meta":{"desktop":{"background-color":"var(--ast-global-color-4)","background-image":"","background-repeat":"repeat","background-position":"center center","background-size":"auto","background-attachment":"scroll","background-type":"","background-media":"","overlay-type":"","overlay-color":"","overlay-opacity":"","overlay-gradient":""},"tablet":{"background-color":"","background-image":"","background-repeat":"repeat","background-position":"center center","background-size":"auto","background-attachment":"scroll","background-type":"","background-media":"","overlay-type":"","overlay-color":"","overlay-opacity":"","overlay-gradient":""},"mobile":{"background-color":"","background-image":"","background-repeat":"repeat","background-position":"center center","background-size":"auto","background-attachment":"scroll","background-type":"","background-media":"","overlay-type":"","overlay-color":"","overlay-opacity":"","overlay-gradient":""}},"ast-content-background-meta":{"desktop":{"background-color":"var(--ast-global-color-5)","background-image":"","background-repeat":"repeat","background-position":"center center","background-size":"auto","background-attachment":"scroll","background-type":"","background-media":"","overlay-type":"","overlay-color":"","overlay-opacity":"","overlay-gradient":""},"tablet":{"background-color":"var(--ast-global-color-5)","background-image":"","background-repeat":"repeat","background-position":"center center","background-size":"auto","background-attachment":"scroll","background-type":"","background-media":"","overlay-type":"","overlay-color":"","overlay-opacity":"","overlay-gradient":""},"mobile":{"background-color":"var(--ast-global-color-5)","background-image":"","background-repeat":"repeat","background-position":"center center","background-size":"auto","background-attachment":"scroll","background-type":"","background-media":"","overlay-type":"","overlay-color":"","overlay-opacity":"","overlay-gradient":""}},"footnotes":""},"class_list":["post-459","page","type-page","status-publish","hentry"],"_links":{"self":[{"href":"http:\/\/www.irantiesclavitud.es\/index.php\/wp-json\/wp\/v2\/pages\/459","targetHints":{"allow":["GET"]}}],"collection":[{"href":"http:\/\/www.irantiesclavitud.es\/index.php\/wp-json\/wp\/v2\/pages"}],"about":[{"href":"http:\/\/www.irantiesclavitud.es\/index.php\/wp-json\/wp\/v2\/types\/page"}],"author":[{"embeddable":true,"href":"http:\/\/www.irantiesclavitud.es\/index.php\/wp-json\/wp\/v2\/users\/1"}],"replies":[{"embeddable":true,"href":"http:\/\/www.irantiesclavitud.es\/index.php\/wp-json\/wp\/v2\/comments?post=459"}],"version-history":[{"count":1,"href":"http:\/\/www.irantiesclavitud.es\/index.php\/wp-json\/wp\/v2\/pages\/459\/revisions"}],"predecessor-version":[{"id":461,"href":"http:\/\/www.irantiesclavitud.es\/index.php\/wp-json\/wp\/v2\/pages\/459\/revisions\/461"}],"up":[{"embeddable":true,"href":"http:\/\/www.irantiesclavitud.es\/index.php\/wp-json\/wp\/v2\/pages\/462"}],"wp:attachment":[{"href":"http:\/\/www.irantiesclavitud.es\/index.php\/wp-json\/wp\/v2\/media?parent=459"}],"curies":[{"name":"wp","href":"https:\/\/api.w.org\/{rel}","templated":true}]}}